{"id":47,"date":"2025-02-04T15:07:27","date_gmt":"2025-02-04T12:07:27","guid":{"rendered":"https:\/\/new.fusionworksacademy.com\/?page_id=47"},"modified":"2025-04-29T13:08:57","modified_gmt":"2025-04-29T10:08:57","slug":"apply-as-a-tutor","status":"publish","type":"page","link":"https:\/\/fusionworksacademy.com\/ru\/apply-as-a-tutor\/","title":{"rendered":"\u0421\u0442\u0430\u043d\u044c \u043f\u0440\u0435\u0434\u043e\u0434\u0430\u0432\u0430\u0442\u0435\u043b\u0435\u043c"},"content":{"rendered":"\t\t<div data-elementor-type=\"wp-page\" data-elementor-id=\"47\" class=\"elementor elementor-47\" data-elementor-post-type=\"page\">\n\t\t\t\t<div class=\"elementor-element elementor-element-431d466 e-flex e-con-boxed e-con e-parent\" data-id=\"431d466\" data-element_type=\"container\" data-e-type=\"container\">\n\t\t\t\t\t<div class=\"e-con-inner\">\n\t\t<div class=\"elementor-element elementor-element-78d2e4c e-con-full e-flex e-con e-child\" data-id=\"78d2e4c\" data-element_type=\"container\" data-e-type=\"container\">\n\t\t\t\t<div class=\"elementor-element elementor-element-ced523e elementor-widget__width-initial elementor-widget elementor-widget-text-editor\" data-id=\"ced523e\" data-element_type=\"widget\" data-e-type=\"widget\" data-widget_type=\"text-editor.default\">\n\t\t\t\t<div class=\"elementor-widget-container\">\n\t\t\t\t\t\t\t\t\t<p style=\"text-align: left;\"><span class=\"EzKURWReUAB5oZgtQNkl\" data-src-align=\"0:15\">Completa\u021bi formularul \u0219i<\/span><\/p><p style=\"text-align: left;\"><span class=\"EzKURWReUAB5oZgtQNkl\" data-src-align=\"17:19\">Vom reveni la tine.<\/span><\/p>\t\t\t\t\t\t\t\t<\/div>\n\t\t\t\t<\/div>\n\t\t\t\t<\/div>\n\t\t<div class=\"elementor-element elementor-element-baede81 e-con-full e-flex e-con e-child\" data-id=\"baede81\" data-element_type=\"container\" data-e-type=\"container\" data-settings=\"{&quot;background_background&quot;:&quot;classic&quot;}\">\n\t\t\t\t<div class=\"elementor-element elementor-element-68db143 elementor-widget__width-inherit elementor-widget elementor-widget-wpforms\" data-id=\"68db143\" data-element_type=\"widget\" data-e-type=\"widget\" data-widget_type=\"wpforms.default\">\n\t\t\t\t<div class=\"elementor-widget-container\">\n\t\t\t\t\t<style id=\"wpforms-css-vars-elementor-widget-68db143\">\n\t\t\t\t.elementor-widget-wpforms.elementor-element-68db143 {\n\t\t\t\t--wpforms-field-border-radius: 10px;\n--wpforms-field-border-color: #F1F1F1;\n--wpforms-field-border-color-spare: #F1F1F1;\n--wpforms-button-border-radius: 10px;\n--wpforms-button-background-color: #F5005A;\n--wpforms-field-size-input-height: 50px;\n--wpforms-field-size-input-spacing: 20px;\n--wpforms-field-size-font-size: 18px;\n--wpforms-field-size-line-height: 21px;\n--wpforms-field-size-padding-h: 14px;\n--wpforms-field-size-checkbox-size: 18px;\n--wpforms-field-size-sublabel-spacing: 10px;\n--wpforms-field-size-icon-size: 1.25;\n--wpforms-label-size-font-size: 14px;\n--wpforms-label-size-line-height: 17px;\n--wpforms-label-size-sublabel-font-size: 13px;\n--wpforms-label-size-sublabel-line-height: 16px;\n--wpforms-button-size-font-size: 20px;\n--wpforms-button-size-height: 48px;\n--wpforms-button-size-padding-h: 20px;\n--wpforms-button-size-margin-top: 15px;\n\n\t\t\t}\n\t\t\t<\/style><div class=\"wpforms-container wpforms-container-full wpforms-render-modern\" id=\"wpforms-1039\"><form id=\"wpforms-form-1039\" class=\"wpforms-validate wpforms-form wpforms-ajax-form\" data-formid=\"1039\" method=\"post\" enctype=\"multipart\/form-data\" action=\"\/ru\/wp-json\/wp\/v2\/pages\/47\" data-token=\"19166376bf718fb424c03b3d1ae9d3f1\" data-token-time=\"1776759395\"><noscript class=\"wpforms-error-noscript\">\u0414\u043b\u044f \u0437\u0430\u043f\u043e\u043b\u043d\u0435\u043d\u0438\u044f \u0434\u0430\u043d\u043d\u043e\u0439 \u0444\u043e\u0440\u043c\u044b \u0432\u043a\u043b\u044e\u0447\u0438\u0442\u0435 JavaScript \u0432 \u0431\u0440\u0430\u0443\u0437\u0435\u0440\u0435.<\/noscript><div class=\"wpforms-hidden\" id=\"wpforms-error-noscript\">\u0414\u043b\u044f \u0437\u0430\u043f\u043e\u043b\u043d\u0435\u043d\u0438\u044f \u0434\u0430\u043d\u043d\u043e\u0439 \u0444\u043e\u0440\u043c\u044b \u0432\u043a\u043b\u044e\u0447\u0438\u0442\u0435 JavaScript \u0432 \u0431\u0440\u0430\u0443\u0437\u0435\u0440\u0435.<\/div><div class=\"wpforms-field-container\"><div id=\"wpforms-1039-field_1-container\" class=\"wpforms-field wpforms-field-name\" data-field-id=\"1\"><label class=\"wpforms-field-label wpforms-label-hide\" for=\"wpforms-1039-field_1\" aria-hidden=\"false\">Nume <span class=\"wpforms-required-label\" aria-hidden=\"true\">*<\/span><\/label><input type=\"text\" id=\"wpforms-1039-field_1\" class=\"wpforms-field-large wpforms-field-required\" name=\"wpforms[fields][1]\" placeholder=\"Nume\" aria-errormessage=\"wpforms-1039-field_1-error\" required><\/div><div id=\"wpforms-1039-field_2-container\" class=\"wpforms-field wpforms-field-name\" data-field-id=\"2\"><label class=\"wpforms-field-label wpforms-label-hide\" for=\"wpforms-1039-field_2\" aria-hidden=\"false\">Email <span class=\"wpforms-required-label\" aria-hidden=\"true\">*<\/span><\/label><input type=\"text\" id=\"wpforms-1039-field_2\" class=\"wpforms-field-large wpforms-field-required\" name=\"wpforms[fields][2]\" placeholder=\"Email\" aria-errormessage=\"wpforms-1039-field_2-error\" required><\/div><div id=\"wpforms-1039-field_3-container\" class=\"wpforms-field wpforms-field-select wpforms-field-select-style-modern\" data-field-id=\"3\"><label class=\"wpforms-field-label wpforms-label-hide\" for=\"wpforms-1039-field_3\" aria-hidden=\"false\">Domeniul t\u0103u <span class=\"wpforms-required-label\" aria-hidden=\"true\">*<\/span><\/label><select id=\"wpforms-1039-field_3\" class=\"wpforms-field-large wpforms-field-required choicesjs-select\" data-size-class=\"wpforms-field-row wpforms-field-large\" data-search-enabled=\"1\" name=\"wpforms[fields][3]\" required=\"required\"><option value=\"\" class=\"placeholder\" disabled  selected='selected'>Domeniul t\u0103u - alege din list\u0103<\/option><option value=\"Development\/Programming\" >Development\/Programming<\/option><option value=\"DevOps\" >DevOps<\/option><option value=\"QA\" >QA<\/option><option value=\"Design\" >Design<\/option><option value=\"Management\" >Management<\/option><option value=\"HR &amp; Recruitment\" >HR &amp; Recruitment<\/option><option value=\"Logistics\" >Logistics<\/option><option value=\"Personal development\" >Personal development<\/option><option value=\"Marketing\" >Marketing<\/option><option value=\"Personal growth\" >Personal growth<\/option><\/select><\/div><div id=\"wpforms-1039-field_4-container\" class=\"wpforms-field wpforms-field-text\" data-field-id=\"4\"><label class=\"wpforms-field-label wpforms-label-hide\" for=\"wpforms-1039-field_4\" aria-hidden=\"false\">Link c\u0103tre profilul LinkedIn <span class=\"wpforms-required-label\" aria-hidden=\"true\">*<\/span><\/label><input type=\"text\" id=\"wpforms-1039-field_4\" class=\"wpforms-field-large wpforms-field-required\" name=\"wpforms[fields][4]\" placeholder=\"Link c\u0103tre profilul LinkedIn\" aria-errormessage=\"wpforms-1039-field_4-error\" required><\/div><\/div><!-- .wpforms-field-container --><div class=\"wpforms-submit-container\" ><input type=\"hidden\" name=\"wpforms[id]\" value=\"1039\"><input type=\"hidden\" name=\"page_title\" value=\"\"><input type=\"hidden\" name=\"page_url\" value=\"https:\/\/fusionworksacademy.com\/ru\/wp-json\/wp\/v2\/pages\/47\"><input type=\"hidden\" name=\"url_referer\" value=\"\"><button type=\"submit\" name=\"wpforms[submit]\" id=\"wpforms-submit-1039\" class=\"wpforms-submit\" data-alt-text=\"Sending...\" data-submit-text=\"TRIMITE\" aria-live=\"assertive\" value=\"wpforms-submit\">TRIMITE<\/button><img decoding=\"async\" src=\"https:\/\/fusionworksacademy.com\/wp-content\/plugins\/wpforms\/assets\/images\/submit-spin.svg\" class=\"wpforms-submit-spinner\" style=\"display: none;\" width=\"26\" height=\"26\" alt=\"\u0417\u0430\u0433\u0440\u0443\u0437\u043a\u0430\"><\/div><\/form><\/div>  <!-- .wpforms-container -->\t\t\t\t<\/div>\n\t\t\t\t<\/div>\n\t\t\t\t<\/div>\n\t\t\t\t\t<\/div>\n\t\t\t\t<\/div>\n\t\t\t\t<\/div>\n\t\t","protected":false},"excerpt":{"rendered":"<p>Completa\u021bi formularul \u0219i Vom reveni la tine. \u0414\u043b\u044f \u0437\u0430\u043f\u043e\u043b\u043d\u0435\u043d\u0438\u044f \u0434\u0430\u043d\u043d\u043e\u0439 \u0444\u043e\u0440\u043c\u044b \u0432\u043a\u043b\u044e\u0447\u0438\u0442\u0435 JavaScript \u0432 \u0431\u0440\u0430\u0443\u0437\u0435\u0440\u0435.\u0414\u043b\u044f \u0437\u0430\u043f\u043e\u043b\u043d\u0435\u043d\u0438\u044f \u0434\u0430\u043d\u043d\u043e\u0439 \u0444\u043e\u0440\u043c\u044b \u0432\u043a\u043b\u044e\u0447\u0438\u0442\u0435 JavaScript \u0432 \u0431\u0440\u0430\u0443\u0437\u0435\u0440\u0435.Nume *Email *Domeniul t\u0103u *Domeniul t\u0103u &#8211; alege din list\u0103Development\/ProgrammingDevOpsQADesignManagementHR &amp; RecruitmentLogisticsPersonal developmentMarketingPersonal growthLink c\u0103tre profilul LinkedIn * TRIMITE<\/p>","protected":false},"author":1,"featured_media":0,"parent":0,"menu_order":0,"comment_status":"closed","ping_status":"closed","template":"","meta":{"footnotes":""},"class_list":["post-47","page","type-page","status-publish","hentry"],"yoast_head":"<!-- This site is optimized with the Yoast SEO plugin v27.3 - https:\/\/yoast.com\/product\/yoast-seo-wordpress\/ -->\n<title>Apply as a tutor | FusionWorks Academy<\/title>\n<meta name=\"robots\" content=\"index, follow, max-snippet:-1, max-image-preview:large, max-video-preview:-1\" \/>\n<link rel=\"canonical\" href=\"https:\/\/fusionworksacademy.com\/ru\/apply-as-a-tutor\/\" \/>\n<meta property=\"og:locale\" content=\"ru_RU\" \/>\n<meta property=\"og:type\" content=\"article\" \/>\n<meta property=\"og:title\" content=\"Apply as a tutor | FusionWorks Academy\" \/>\n<meta property=\"og:description\" content=\"Completa\u021bi formularul \u0219i Vom reveni la tine. \u0414\u043b\u044f \u0437\u0430\u043f\u043e\u043b\u043d\u0435\u043d\u0438\u044f \u0434\u0430\u043d\u043d\u043e\u0439 \u0444\u043e\u0440\u043c\u044b \u0432\u043a\u043b\u044e\u0447\u0438\u0442\u0435 JavaScript \u0432 \u0431\u0440\u0430\u0443\u0437\u0435\u0440\u0435.\u0414\u043b\u044f \u0437\u0430\u043f\u043e\u043b\u043d\u0435\u043d\u0438\u044f \u0434\u0430\u043d\u043d\u043e\u0439 \u0444\u043e\u0440\u043c\u044b \u0432\u043a\u043b\u044e\u0447\u0438\u0442\u0435 JavaScript \u0432 \u0431\u0440\u0430\u0443\u0437\u0435\u0440\u0435.Nume *Email *Domeniul t\u0103u *Domeniul t\u0103u &#8211; alege din list\u0103Development\/ProgrammingDevOpsQADesignManagementHR &amp; RecruitmentLogisticsPersonal developmentMarketingPersonal growthLink c\u0103tre profilul LinkedIn * TRIMITE\" \/>\n<meta property=\"og:url\" content=\"https:\/\/fusionworksacademy.com\/ru\/apply-as-a-tutor\/\" \/>\n<meta property=\"og:site_name\" content=\"FusionWorks Academy\" \/>\n<meta property=\"article:publisher\" content=\"https:\/\/www.facebook.com\/fusionworksacademy\" \/>\n<meta property=\"article:modified_time\" content=\"2025-04-29T10:08:57+00:00\" \/>\n<meta property=\"og:image\" content=\"https:\/\/fusionworksacademy.com\/wp-content\/plugins\/wpforms\/assets\/images\/submit-spin.svg\" \/>\n<meta name=\"twitter:card\" content=\"summary_large_image\" \/>\n<meta name=\"twitter:label1\" content=\"\u041f\u0440\u0438\u043c\u0435\u0440\u043d\u043e\u0435 \u0432\u0440\u0435\u043c\u044f \u0434\u043b\u044f \u0447\u0442\u0435\u043d\u0438\u044f\" \/>\n\t<meta name=\"twitter:data1\" content=\"1 \u043c\u0438\u043d\u0443\u0442\u0430\" \/>\n<script type=\"application\/ld+json\" class=\"yoast-schema-graph\">{\"@context\":\"https:\\\/\\\/schema.org\",\"@graph\":[{\"@type\":\"WebPage\",\"@id\":\"https:\\\/\\\/fusionworksacademy.com\\\/apply-as-a-tutor\\\/\",\"url\":\"https:\\\/\\\/fusionworksacademy.com\\\/apply-as-a-tutor\\\/\",\"name\":\"Apply as a tutor | FusionWorks Academy\",\"isPartOf\":{\"@id\":\"https:\\\/\\\/fusionworksacademy.com\\\/#website\"},\"primaryImageOfPage\":{\"@id\":\"https:\\\/\\\/fusionworksacademy.com\\\/apply-as-a-tutor\\\/#primaryimage\"},\"image\":{\"@id\":\"https:\\\/\\\/fusionworksacademy.com\\\/apply-as-a-tutor\\\/#primaryimage\"},\"thumbnailUrl\":\"https:\\\/\\\/fusionworksacademy.com\\\/wp-content\\\/plugins\\\/wpforms\\\/assets\\\/images\\\/submit-spin.svg\",\"datePublished\":\"2025-02-04T12:07:27+00:00\",\"dateModified\":\"2025-04-29T10:08:57+00:00\",\"breadcrumb\":{\"@id\":\"https:\\\/\\\/fusionworksacademy.com\\\/apply-as-a-tutor\\\/#breadcrumb\"},\"inLanguage\":\"ru-RU\",\"potentialAction\":[{\"@type\":\"ReadAction\",\"target\":[\"https:\\\/\\\/fusionworksacademy.com\\\/apply-as-a-tutor\\\/\"]}]},{\"@type\":\"ImageObject\",\"inLanguage\":\"ru-RU\",\"@id\":\"https:\\\/\\\/fusionworksacademy.com\\\/apply-as-a-tutor\\\/#primaryimage\",\"url\":\"https:\\\/\\\/fusionworksacademy.com\\\/wp-content\\\/plugins\\\/wpforms\\\/assets\\\/images\\\/submit-spin.svg\",\"contentUrl\":\"https:\\\/\\\/fusionworksacademy.com\\\/wp-content\\\/plugins\\\/wpforms\\\/assets\\\/images\\\/submit-spin.svg\"},{\"@type\":\"BreadcrumbList\",\"@id\":\"https:\\\/\\\/fusionworksacademy.com\\\/apply-as-a-tutor\\\/#breadcrumb\",\"itemListElement\":[{\"@type\":\"ListItem\",\"position\":1,\"name\":\"\u0413\u043b\u0430\u0432\u043d\u0430\u044f \u0441\u0442\u0440\u0430\u043d\u0438\u0446\u0430\",\"item\":\"https:\\\/\\\/fusionworksacademy.com\\\/\"},{\"@type\":\"ListItem\",\"position\":2,\"name\":\"Apply as a tutor\"}]},{\"@type\":\"WebSite\",\"@id\":\"https:\\\/\\\/fusionworksacademy.com\\\/#website\",\"url\":\"https:\\\/\\\/fusionworksacademy.com\\\/\",\"name\":\"FusionWorks Academy\",\"description\":\"Online courses from industry experts\",\"publisher\":{\"@id\":\"https:\\\/\\\/fusionworksacademy.com\\\/#organization\"},\"potentialAction\":[{\"@type\":\"SearchAction\",\"target\":{\"@type\":\"EntryPoint\",\"urlTemplate\":\"https:\\\/\\\/fusionworksacademy.com\\\/?s={search_term_string}\"},\"query-input\":{\"@type\":\"PropertyValueSpecification\",\"valueRequired\":true,\"valueName\":\"search_term_string\"}}],\"inLanguage\":\"ru-RU\"},{\"@type\":\"Organization\",\"@id\":\"https:\\\/\\\/fusionworksacademy.com\\\/#organization\",\"name\":\"FusionWorks Academy\",\"alternateName\":\"FusionWorks Academy\",\"url\":\"https:\\\/\\\/fusionworksacademy.com\\\/\",\"logo\":{\"@type\":\"ImageObject\",\"inLanguage\":\"ru-RU\",\"@id\":\"https:\\\/\\\/fusionworksacademy.com\\\/#\\\/schema\\\/logo\\\/image\\\/\",\"url\":\"https:\\\/\\\/fusionworksacademy.com\\\/wp-content\\\/uploads\\\/2025\\\/02\\\/Group-237829.svg\",\"contentUrl\":\"https:\\\/\\\/fusionworksacademy.com\\\/wp-content\\\/uploads\\\/2025\\\/02\\\/Group-237829.svg\",\"width\":64,\"height\":16,\"caption\":\"FusionWorks Academy\"},\"image\":{\"@id\":\"https:\\\/\\\/fusionworksacademy.com\\\/#\\\/schema\\\/logo\\\/image\\\/\"},\"sameAs\":[\"https:\\\/\\\/www.facebook.com\\\/fusionworksacademy\",\"https:\\\/\\\/www.linkedin.com\\\/company\\\/fusionworks-academy\\\/\"]}]}<\/script>\n<!-- \/ Yoast SEO plugin. -->","yoast_head_json":{"title":"Apply as a tutor | FusionWorks Academy","robots":{"index":"index","follow":"follow","max-snippet":"max-snippet:-1","max-image-preview":"max-image-preview:large","max-video-preview":"max-video-preview:-1"},"canonical":"https:\/\/fusionworksacademy.com\/ru\/apply-as-a-tutor\/","og_locale":"ru_RU","og_type":"article","og_title":"Apply as a tutor | FusionWorks Academy","og_description":"Completa\u021bi formularul \u0219i Vom reveni la tine. \u0414\u043b\u044f \u0437\u0430\u043f\u043e\u043b\u043d\u0435\u043d\u0438\u044f \u0434\u0430\u043d\u043d\u043e\u0439 \u0444\u043e\u0440\u043c\u044b \u0432\u043a\u043b\u044e\u0447\u0438\u0442\u0435 JavaScript \u0432 \u0431\u0440\u0430\u0443\u0437\u0435\u0440\u0435.\u0414\u043b\u044f \u0437\u0430\u043f\u043e\u043b\u043d\u0435\u043d\u0438\u044f \u0434\u0430\u043d\u043d\u043e\u0439 \u0444\u043e\u0440\u043c\u044b \u0432\u043a\u043b\u044e\u0447\u0438\u0442\u0435 JavaScript \u0432 \u0431\u0440\u0430\u0443\u0437\u0435\u0440\u0435.Nume *Email *Domeniul t\u0103u *Domeniul t\u0103u &#8211; alege din list\u0103Development\/ProgrammingDevOpsQADesignManagementHR &amp; RecruitmentLogisticsPersonal developmentMarketingPersonal growthLink c\u0103tre profilul LinkedIn * TRIMITE","og_url":"https:\/\/fusionworksacademy.com\/ru\/apply-as-a-tutor\/","og_site_name":"FusionWorks Academy","article_publisher":"https:\/\/www.facebook.com\/fusionworksacademy","article_modified_time":"2025-04-29T10:08:57+00:00","og_image":[{"url":"https:\/\/fusionworksacademy.com\/wp-content\/plugins\/wpforms\/assets\/images\/submit-spin.svg","type":"","width":"","height":""}],"twitter_card":"summary_large_image","twitter_misc":{"\u041f\u0440\u0438\u043c\u0435\u0440\u043d\u043e\u0435 \u0432\u0440\u0435\u043c\u044f \u0434\u043b\u044f \u0447\u0442\u0435\u043d\u0438\u044f":"1 \u043c\u0438\u043d\u0443\u0442\u0430"},"schema":{"@context":"https:\/\/schema.org","@graph":[{"@type":"WebPage","@id":"https:\/\/fusionworksacademy.com\/apply-as-a-tutor\/","url":"https:\/\/fusionworksacademy.com\/apply-as-a-tutor\/","name":"Apply as a tutor | FusionWorks Academy","isPartOf":{"@id":"https:\/\/fusionworksacademy.com\/#website"},"primaryImageOfPage":{"@id":"https:\/\/fusionworksacademy.com\/apply-as-a-tutor\/#primaryimage"},"image":{"@id":"https:\/\/fusionworksacademy.com\/apply-as-a-tutor\/#primaryimage"},"thumbnailUrl":"https:\/\/fusionworksacademy.com\/wp-content\/plugins\/wpforms\/assets\/images\/submit-spin.svg","datePublished":"2025-02-04T12:07:27+00:00","dateModified":"2025-04-29T10:08:57+00:00","breadcrumb":{"@id":"https:\/\/fusionworksacademy.com\/apply-as-a-tutor\/#breadcrumb"},"inLanguage":"ru-RU","potentialAction":[{"@type":"ReadAction","target":["https:\/\/fusionworksacademy.com\/apply-as-a-tutor\/"]}]},{"@type":"ImageObject","inLanguage":"ru-RU","@id":"https:\/\/fusionworksacademy.com\/apply-as-a-tutor\/#primaryimage","url":"https:\/\/fusionworksacademy.com\/wp-content\/plugins\/wpforms\/assets\/images\/submit-spin.svg","contentUrl":"https:\/\/fusionworksacademy.com\/wp-content\/plugins\/wpforms\/assets\/images\/submit-spin.svg"},{"@type":"BreadcrumbList","@id":"https:\/\/fusionworksacademy.com\/apply-as-a-tutor\/#breadcrumb","itemListElement":[{"@type":"ListItem","position":1,"name":"\u0413\u043b\u0430\u0432\u043d\u0430\u044f \u0441\u0442\u0440\u0430\u043d\u0438\u0446\u0430","item":"https:\/\/fusionworksacademy.com\/"},{"@type":"ListItem","position":2,"name":"Apply as a tutor"}]},{"@type":"WebSite","@id":"https:\/\/fusionworksacademy.com\/#website","url":"https:\/\/fusionworksacademy.com\/","name":"FusionWorks Academy","description":"Online courses from industry experts","publisher":{"@id":"https:\/\/fusionworksacademy.com\/#organization"},"potentialAction":[{"@type":"SearchAction","target":{"@type":"EntryPoint","urlTemplate":"https:\/\/fusionworksacademy.com\/?s={search_term_string}"},"query-input":{"@type":"PropertyValueSpecification","valueRequired":true,"valueName":"search_term_string"}}],"inLanguage":"ru-RU"},{"@type":"Organization","@id":"https:\/\/fusionworksacademy.com\/#organization","name":"FusionWorks Academy","alternateName":"FusionWorks Academy","url":"https:\/\/fusionworksacademy.com\/","logo":{"@type":"ImageObject","inLanguage":"ru-RU","@id":"https:\/\/fusionworksacademy.com\/#\/schema\/logo\/image\/","url":"https:\/\/fusionworksacademy.com\/wp-content\/uploads\/2025\/02\/Group-237829.svg","contentUrl":"https:\/\/fusionworksacademy.com\/wp-content\/uploads\/2025\/02\/Group-237829.svg","width":64,"height":16,"caption":"FusionWorks Academy"},"image":{"@id":"https:\/\/fusionworksacademy.com\/#\/schema\/logo\/image\/"},"sameAs":["https:\/\/www.facebook.com\/fusionworksacademy","https:\/\/www.linkedin.com\/company\/fusionworks-academy\/"]}]}},"_links":{"self":[{"href":"https:\/\/fusionworksacademy.com\/ru\/wp-json\/wp\/v2\/pages\/47","targetHints":{"allow":["GET"]}}],"collection":[{"href":"https:\/\/fusionworksacademy.com\/ru\/wp-json\/wp\/v2\/pages"}],"about":[{"href":"https:\/\/fusionworksacademy.com\/ru\/wp-json\/wp\/v2\/types\/page"}],"author":[{"embeddable":true,"href":"https:\/\/fusionworksacademy.com\/ru\/wp-json\/wp\/v2\/users\/1"}],"replies":[{"embeddable":true,"href":"https:\/\/fusionworksacademy.com\/ru\/wp-json\/wp\/v2\/comments?post=47"}],"version-history":[{"count":10,"href":"https:\/\/fusionworksacademy.com\/ru\/wp-json\/wp\/v2\/pages\/47\/revisions"}],"predecessor-version":[{"id":1561,"href":"https:\/\/fusionworksacademy.com\/ru\/wp-json\/wp\/v2\/pages\/47\/revisions\/1561"}],"wp:attachment":[{"href":"https:\/\/fusionworksacademy.com\/ru\/wp-json\/wp\/v2\/media?parent=47"}],"curies":[{"name":"wp","href":"https:\/\/api.w.org\/{rel}","templated":true}]}}